{"id":133,"date":"2025-10-12T10:08:44","date_gmt":"2025-10-12T10:08:44","guid":{"rendered":"https:\/\/b71.fo\/?page_id=133"},"modified":"2026-03-30T20:21:33","modified_gmt":"2026-03-30T20:21:33","slug":"tidindi","status":"publish","type":"page","link":"https:\/\/b71.fo\/?page_id=133","title":{"rendered":"T\u00ed\u00f0indi"},"content":{"rendered":"\t\t<div data-elementor-type=\"wp-page\" data-elementor-id=\"133\" class=\"elementor elementor-133\" data-elementor-post-type=\"page\">\n\t\t\t\t\t\t<section class=\"elementor-section elementor-top-section elementor-element elementor-element-a9c55b1 elementor-section-boxed elementor-section-height-default elementor-section-height-default\" data-id=\"a9c55b1\" data-element_type=\"section\" data-e-type=\"section\" data-settings=\"{&quot;background_background&quot;:&quot;gradient&quot;}\">\n\t\t\t\t\t\t\t<div class=\"elementor-background-overlay\"><\/div>\n\t\t\t\t\t\t\t<div class=\"elementor-container elementor-column-gap-no\">\n\t\t\t\t\t<div class=\"elementor-column elementor-col-100 elementor-top-column elementor-element elementor-element-52c8233b\" data-id=\"52c8233b\" data-element_type=\"column\" data-e-type=\"column\">\n\t\t\t<div class=\"elementor-widget-wrap elementor-element-populated\">\n\t\t\t\t\t\t<section class=\"elementor-section elementor-inner-section elementor-element elementor-element-fccf77 elementor-section-boxed elementor-section-height-default elementor-section-height-default\" data-id=\"fccf77\" data-element_type=\"section\" data-e-type=\"section\">\n\t\t\t\t\t\t<div class=\"elementor-container elementor-column-gap-no\">\n\t\t\t\t\t<div class=\"elementor-column elementor-col-100 elementor-inner-column elementor-element elementor-element-757d52ff\" data-id=\"757d52ff\" data-element_type=\"column\" data-e-type=\"column\">\n\t\t\t<div class=\"elementor-widget-wrap elementor-element-populated\">\n\t\t\t\t\t\t<div class=\"elementor-element elementor-element-5b12af2a elementor-invisible elementor-widget elementor-widget-heading\" data-id=\"5b12af2a\" data-element_type=\"widget\" data-e-type=\"widget\" data-settings=\"{&quot;_animation&quot;:&quot;slideInLeft&quot;,&quot;_animation_delay&quot;:&quot;100&quot;}\" data-widget_type=\"heading.default\">\n\t\t\t\t\t<h1 class=\"elementor-heading-title elementor-size-default\">T\u00ed\u00f0indi<\/h1>\t\t\t\t<\/div>\n\t\t\t\t\t<\/div>\n\t\t<\/div>\n\t\t\t\t\t<\/div>\n\t\t<\/section>\n\t\t\t\t\t<\/div>\n\t\t<\/div>\n\t\t\t\t\t<\/div>\n\t\t<\/section>\n\t\t\t\t<section class=\"elementor-section elementor-top-section elementor-element elementor-element-48ce7de0 elementor-section-boxed elementor-section-height-default elementor-section-height-default\" data-id=\"48ce7de0\" data-element_type=\"section\" data-e-type=\"section\" data-settings=\"{&quot;background_background&quot;:&quot;classic&quot;}\">\n\t\t\t\t\t\t<div class=\"elementor-container elementor-column-gap-default\">\n\t\t\t\t\t<div class=\"elementor-column elementor-col-100 elementor-top-column elementor-element elementor-element-908b208\" data-id=\"908b208\" data-element_type=\"column\" data-e-type=\"column\">\n\t\t\t<div class=\"elementor-widget-wrap elementor-element-populated\">\n\t\t\t\t\t\t<div class=\"elementor-element elementor-element-4df105c9 elementor-grid-3 elementor-grid-tablet-2 elementor-grid-mobile-1 elementor-posts--thumbnail-top elementor-posts__hover-gradient elementor-widget elementor-widget-posts\" data-id=\"4df105c9\" data-element_type=\"widget\" data-e-type=\"widget\" data-settings=\"{&quot;cards_row_gap_tablet&quot;:{&quot;unit&quot;:&quot;px&quot;,&quot;size&quot;:&quot;20&quot;,&quot;sizes&quot;:[]},&quot;pagination_type&quot;:&quot;numbers_and_prev_next&quot;,&quot;cards_columns&quot;:&quot;3&quot;,&quot;cards_columns_tablet&quot;:&quot;2&quot;,&quot;cards_columns_mobile&quot;:&quot;1&quot;,&quot;cards_row_gap&quot;:{&quot;unit&quot;:&quot;px&quot;,&quot;size&quot;:35,&quot;sizes&quot;:[]},&quot;cards_row_gap_mobile&quot;:{&quot;unit&quot;:&quot;px&quot;,&quot;size&quot;:&quot;&quot;,&quot;sizes&quot;:[]}}\" data-widget_type=\"posts.cards\">\n\t\t\t\t<div class=\"elementor-widget-container\">\n\t\t\t\t\t\t\t<div class=\"elementor-posts-container elementor-posts elementor-posts--skin-cards elementor-grid\" role=\"list\">\n\t\t\t\t<article class=\"elementor-post elementor-grid-item post-1095 post type-post status-publish format-standard has-post-thumbnail hentry category-tiltok\" role=\"listitem\">\n\t\t\t<div class=\"elementor-post__card\">\n\t\t\t\t<a class=\"elementor-post__thumbnail__link\" href=\"https:\/\/b71.fo\/?p=1095\" tabindex=\"-1\" ><div class=\"elementor-post__thumbnail\"><img fetchpriority=\"high\" decoding=\"async\" width=\"300\" height=\"300\" src=\"https:\/\/b71.fo\/wp-content\/uploads\/2026\/03\/651999028_18117658711723428_3931898332713542136_n-300x300.jpg\" class=\"attachment-medium size-medium wp-image-1096\" alt=\"\" srcset=\"https:\/\/b71.fo\/wp-content\/uploads\/2026\/03\/651999028_18117658711723428_3931898332713542136_n-300x300.jpg 300w, https:\/\/b71.fo\/wp-content\/uploads\/2026\/03\/651999028_18117658711723428_3931898332713542136_n-150x150.jpg 150w, https:\/\/b71.fo\/wp-content\/uploads\/2026\/03\/651999028_18117658711723428_3931898332713542136_n-600x600.jpg 600w, https:\/\/b71.fo\/wp-content\/uploads\/2026\/03\/651999028_18117658711723428_3931898332713542136_n-100x100.jpg 100w, https:\/\/b71.fo\/wp-content\/uploads\/2026\/03\/651999028_18117658711723428_3931898332713542136_n.jpg 630w\" sizes=\"(max-width: 300px) 100vw, 300px\" \/><\/div><\/a>\n\t\t\t\t<div class=\"elementor-post__badge\">Tilt\u00f8k<\/div>\n\t\t\t\t<div class=\"elementor-post__text\">\n\t\t\t\t<h3 class=\"elementor-post__title\">\n\t\t\t<a href=\"https:\/\/b71.fo\/?p=1095\" >\n\t\t\t\tRULLANDI P\u00c1SKAREGGJATOMBOLA\t\t\t<\/a>\n\t\t<\/h3>\n\t\t\t\t<div class=\"elementor-post__excerpt\">\n\t\t\t<p>Um eina l\u00edtla l\u00f8tu er tombola li\u00f0ugt \u00ed Skopun og rullar v\u00ed\u00f0ari til Sands, har<\/p>\n\t\t<\/div>\n\t\t\t\t\t<div class=\"elementor-post__read-more-wrapper\">\n\t\t\n\t\t<a class=\"elementor-post__read-more\" href=\"https:\/\/b71.fo\/?p=1095\" aria-label=\"Read more about RULLANDI P\u00c1SKAREGGJATOMBOLA\" tabindex=\"-1\" >\n\t\t\tLes meira \u00bb\t\t<\/a>\n\n\t\t\t\t\t<\/div>\n\t\t\t\t<\/div>\n\t\t\t\t<div class=\"elementor-post__meta-data\">\n\t\t\t\t\t<span class=\"elementor-post-date\">\n\t\t\tMarch 30, 2026\t\t<\/span>\n\t\t\t\t<span class=\"elementor-post-time\">\n\t\t\t3:05 pm\t\t<\/span>\n\t\t\t\t<\/div>\n\t\t\t\t\t<\/div>\n\t\t<\/article>\n\t\t\t\t<article class=\"elementor-post elementor-grid-item post-1092 post type-post status-publish format-standard has-post-thumbnail hentry category-dystar-fragreiding\" role=\"listitem\">\n\t\t\t<div class=\"elementor-post__card\">\n\t\t\t\t<a class=\"elementor-post__thumbnail__link\" href=\"https:\/\/b71.fo\/?p=1092\" tabindex=\"-1\" ><div class=\"elementor-post__thumbnail\"><img decoding=\"async\" width=\"300\" height=\"300\" src=\"https:\/\/b71.fo\/wp-content\/uploads\/2026\/03\/649217831_18116689876723428_6487380609730202528_n-300x300.jpg\" class=\"attachment-medium size-medium wp-image-1093\" alt=\"\" srcset=\"https:\/\/b71.fo\/wp-content\/uploads\/2026\/03\/649217831_18116689876723428_6487380609730202528_n-300x300.jpg 300w, https:\/\/b71.fo\/wp-content\/uploads\/2026\/03\/649217831_18116689876723428_6487380609730202528_n-1024x1024.jpg 1024w, https:\/\/b71.fo\/wp-content\/uploads\/2026\/03\/649217831_18116689876723428_6487380609730202528_n-150x150.jpg 150w, https:\/\/b71.fo\/wp-content\/uploads\/2026\/03\/649217831_18116689876723428_6487380609730202528_n-768x768.jpg 768w, https:\/\/b71.fo\/wp-content\/uploads\/2026\/03\/649217831_18116689876723428_6487380609730202528_n-600x600.jpg 600w, https:\/\/b71.fo\/wp-content\/uploads\/2026\/03\/649217831_18116689876723428_6487380609730202528_n-100x100.jpg 100w, https:\/\/b71.fo\/wp-content\/uploads\/2026\/03\/649217831_18116689876723428_6487380609730202528_n.jpg 1440w\" sizes=\"(max-width: 300px) 100vw, 300px\" \/><\/div><\/a>\n\t\t\t\t<div class=\"elementor-post__badge\">Dystar fr\u00e1grei\u00f0ing<\/div>\n\t\t\t\t<div class=\"elementor-post__text\">\n\t\t\t\t<h3 class=\"elementor-post__title\">\n\t\t\t<a href=\"https:\/\/b71.fo\/?p=1092\" >\n\t\t\t\tN\u00c1TT OG DAGUR\t\t\t<\/a>\n\t\t<\/h3>\n\t\t\t\t<div class=\"elementor-post__excerpt\">\n\t\t\t<p>1. og 2. h\u00e1lvleikur \u00ed allarfyrsta dystinum \u00ed n\u00e6stbestu mansdeildini, hoyrdu til hv\u00f8r s\u00edtt li\u00f0.<\/p>\n\t\t<\/div>\n\t\t\t\t\t<div class=\"elementor-post__read-more-wrapper\">\n\t\t\n\t\t<a class=\"elementor-post__read-more\" href=\"https:\/\/b71.fo\/?p=1092\" aria-label=\"Read more about N\u00c1TT OG DAGUR\" tabindex=\"-1\" >\n\t\t\tLes meira \u00bb\t\t<\/a>\n\n\t\t\t\t\t<\/div>\n\t\t\t\t<\/div>\n\t\t\t\t<div class=\"elementor-post__meta-data\">\n\t\t\t\t\t<span class=\"elementor-post-date\">\n\t\t\tMarch 30, 2026\t\t<\/span>\n\t\t\t\t<span class=\"elementor-post-time\">\n\t\t\t3:05 pm\t\t<\/span>\n\t\t\t\t<\/div>\n\t\t\t\t\t<\/div>\n\t\t<\/article>\n\t\t\t\t<article class=\"elementor-post elementor-grid-item post-1089 post type-post status-publish format-standard has-post-thumbnail hentry category-tidindi\" role=\"listitem\">\n\t\t\t<div class=\"elementor-post__card\">\n\t\t\t\t<a class=\"elementor-post__thumbnail__link\" href=\"https:\/\/b71.fo\/?p=1089\" tabindex=\"-1\" ><div class=\"elementor-post__thumbnail\"><img decoding=\"async\" width=\"300\" height=\"225\" src=\"https:\/\/b71.fo\/wp-content\/uploads\/2026\/03\/649639196_18116988013723428_8583199332155060167_n-1-300x225.jpg\" class=\"attachment-medium size-medium wp-image-1090\" alt=\"\" srcset=\"https:\/\/b71.fo\/wp-content\/uploads\/2026\/03\/649639196_18116988013723428_8583199332155060167_n-1-300x225.jpg 300w, https:\/\/b71.fo\/wp-content\/uploads\/2026\/03\/649639196_18116988013723428_8583199332155060167_n-1-1024x768.jpg 1024w, https:\/\/b71.fo\/wp-content\/uploads\/2026\/03\/649639196_18116988013723428_8583199332155060167_n-1-768x576.jpg 768w, https:\/\/b71.fo\/wp-content\/uploads\/2026\/03\/649639196_18116988013723428_8583199332155060167_n-1-600x450.jpg 600w, https:\/\/b71.fo\/wp-content\/uploads\/2026\/03\/649639196_18116988013723428_8583199332155060167_n-1.jpg 1440w\" sizes=\"(max-width: 300px) 100vw, 300px\" \/><\/div><\/a>\n\t\t\t\t<div class=\"elementor-post__badge\">T\u00ed\u00f0indi<\/div>\n\t\t\t\t<div class=\"elementor-post__text\">\n\t\t\t\t<h3 class=\"elementor-post__title\">\n\t\t\t<a href=\"https:\/\/b71.fo\/?p=1089\" >\n\t\t\t\tA\u00d0ALFUNDUR 2026\t\t\t<\/a>\n\t\t<\/h3>\n\t\t\t\t<div class=\"elementor-post__excerpt\">\n\t\t\t<p>M\u00e1nakv\u00f8ld 23. mars, kl. 19.00 ver\u00f0ur a\u00f0alfundur felagsins hildin \u00ed kantinuni \u00ed \u00cdtr\u00f3ttarh\u00f8llini inni \u00ed<\/p>\n\t\t<\/div>\n\t\t\t\t\t<div class=\"elementor-post__read-more-wrapper\">\n\t\t\n\t\t<a class=\"elementor-post__read-more\" href=\"https:\/\/b71.fo\/?p=1089\" aria-label=\"Read more about A\u00d0ALFUNDUR 2026\" tabindex=\"-1\" >\n\t\t\tLes meira \u00bb\t\t<\/a>\n\n\t\t\t\t\t<\/div>\n\t\t\t\t<\/div>\n\t\t\t\t<div class=\"elementor-post__meta-data\">\n\t\t\t\t\t<span class=\"elementor-post-date\">\n\t\t\tMarch 30, 2026\t\t<\/span>\n\t\t\t\t<span class=\"elementor-post-time\">\n\t\t\t3:05 pm\t\t<\/span>\n\t\t\t\t<\/div>\n\t\t\t\t\t<\/div>\n\t\t<\/article>\n\t\t\t\t<\/div>\n\t\t\n\t\t\t\t\t\t<\/div>\n\t\t\t\t<\/div>\n\t\t\t\t\t<\/div>\n\t\t<\/div>\n\t\t\t\t\t<\/div>\n\t\t<\/section>\n\t\t\t\t<\/div>\n\t\t","protected":false},"excerpt":{"rendered":"<p>T\u00ed\u00f0indi<\/p>\n","protected":false},"author":1,"featured_media":0,"parent":0,"menu_order":0,"comment_status":"closed","ping_status":"closed","template":"elementor_header_footer","meta":{"footnotes":""},"class_list":["post-133","page","type-page","status-publish","hentry"],"_hostinger_reach_plugin_has_subscription_block":false,"_hostinger_reach_plugin_is_elementor":false,"_links":{"self":[{"href":"https:\/\/b71.fo\/index.php?rest_route=\/wp\/v2\/pages\/133","targetHints":{"allow":["GET"]}}],"collection":[{"href":"https:\/\/b71.fo\/index.php?rest_route=\/wp\/v2\/pages"}],"about":[{"href":"https:\/\/b71.fo\/index.php?rest_route=\/wp\/v2\/types\/page"}],"author":[{"embeddable":true,"href":"https:\/\/b71.fo\/index.php?rest_route=\/wp\/v2\/users\/1"}],"replies":[{"embeddable":true,"href":"https:\/\/b71.fo\/index.php?rest_route=%2Fwp%2Fv2%2Fcomments&post=133"}],"version-history":[{"count":13,"href":"https:\/\/b71.fo\/index.php?rest_route=\/wp\/v2\/pages\/133\/revisions"}],"predecessor-version":[{"id":1134,"href":"https:\/\/b71.fo\/index.php?rest_route=\/wp\/v2\/pages\/133\/revisions\/1134"}],"wp:attachment":[{"href":"https:\/\/b71.fo\/index.php?rest_route=%2Fwp%2Fv2%2Fmedia&parent=133"}],"curies":[{"name":"wp","href":"https:\/\/api.w.org\/{rel}","templated":true}]}}