{"id":427,"date":"2025-10-13T08:58:29","date_gmt":"2025-10-13T08:58:29","guid":{"rendered":"https:\/\/b71.fo\/?post_type=product&#038;p=427"},"modified":"2026-03-30T13:04:26","modified_gmt":"2026-03-30T13:04:26","slug":"atgongumerki-til-dyst","status":"publish","type":"product","link":"https:\/\/b71.fo\/?product=atgongumerki-til-dyst","title":{"rendered":"Atgongumerki til Dyst"},"content":{"rendered":"<p>Vit hyggja alti\u00f0 eftir hvat dato t\u00fa hevur keypt dystin til og t\u00ed vi\u00f0mala vit at t\u00fa keypir atgongumerki beint undir dystin.<\/p>\n","protected":false},"excerpt":{"rendered":"<p>Vinarliga v\u00eds teldupostin i\u00f0 t\u00fa f\u00e6rt aftir at hava keypt eitt atgongumerki til dystin.<\/p>\n","protected":false},"featured_media":867,"template":"","meta":[],"product_brand":[],"product_cat":[27],"product_tag":[],"class_list":{"0":"post-427","1":"product","2":"type-product","3":"status-publish","4":"has-post-thumbnail","6":"product_cat-dystir","8":"first","9":"instock","10":"taxable","11":"shipping-taxable","12":"purchasable","13":"product-type-simple"},"_links":{"self":[{"href":"https:\/\/b71.fo\/index.php?rest_route=\/wp\/v2\/product\/427","targetHints":{"allow":["GET"]}}],"collection":[{"href":"https:\/\/b71.fo\/index.php?rest_route=\/wp\/v2\/product"}],"about":[{"href":"https:\/\/b71.fo\/index.php?rest_route=\/wp\/v2\/types\/product"}],"wp:featuredmedia":[{"embeddable":true,"href":"https:\/\/b71.fo\/index.php?rest_route=\/wp\/v2\/media\/867"}],"wp:attachment":[{"href":"https:\/\/b71.fo\/index.php?rest_route=%2Fwp%2Fv2%2Fmedia&parent=427"}],"wp:term":[{"taxonomy":"product_brand","embeddable":true,"href":"https:\/\/b71.fo\/index.php?rest_route=%2Fwp%2Fv2%2Fproduct_brand&post=427"},{"taxonomy":"product_cat","embeddable":true,"href":"https:\/\/b71.fo\/index.php?rest_route=%2Fwp%2Fv2%2Fproduct_cat&post=427"},{"taxonomy":"product_tag","embeddable":true,"href":"https:\/\/b71.fo\/index.php?rest_route=%2Fwp%2Fv2%2Fproduct_tag&post=427"}],"curies":[{"name":"wp","href":"https:\/\/api.w.org\/{rel}","templated":true}]}}