{"id":430,"date":"2025-10-13T09:02:22","date_gmt":"2025-10-13T09:02:22","guid":{"rendered":"https:\/\/b71.fo\/?post_type=product&#038;p=430"},"modified":"2026-03-30T13:03:58","modified_gmt":"2026-03-30T13:03:58","slug":"arskort","status":"publish","type":"product","link":"https:\/\/b71.fo\/?product=arskort","title":{"rendered":"\u00c1rskort"},"content":{"rendered":"<p>N\u00fa kunnu tit ogna tykkum hesi \u00e1rskort til allar heimadystir hj\u00e1 B71, kappingar\u00e1ri\u00f0 2026.<\/p>\n<p><br class=\"html-br\" \/>Kostna\u00f0urin er kr. 1.400,-<\/p>\n","protected":false},"excerpt":{"rendered":"<p>N\u00fa kunnu tit ogna tykkum hesi \u00e1rskort til allar heimadystir hj\u00e1 B71, kappingar\u00e1ri\u00f0 2026. Kostna\u00f0urin er kr. 1.400,-<\/p>\n","protected":false},"featured_media":1064,"template":"","meta":[],"product_brand":[],"product_cat":[27],"product_tag":[],"class_list":{"0":"post-430","1":"product","2":"type-product","3":"status-publish","4":"has-post-thumbnail","6":"product_cat-dystir","8":"first","9":"instock","10":"taxable","11":"shipping-taxable","12":"purchasable","13":"product-type-simple"},"_links":{"self":[{"href":"https:\/\/b71.fo\/index.php?rest_route=\/wp\/v2\/product\/430","targetHints":{"allow":["GET"]}}],"collection":[{"href":"https:\/\/b71.fo\/index.php?rest_route=\/wp\/v2\/product"}],"about":[{"href":"https:\/\/b71.fo\/index.php?rest_route=\/wp\/v2\/types\/product"}],"wp:featuredmedia":[{"embeddable":true,"href":"https:\/\/b71.fo\/index.php?rest_route=\/wp\/v2\/media\/1064"}],"wp:attachment":[{"href":"https:\/\/b71.fo\/index.php?rest_route=%2Fwp%2Fv2%2Fmedia&parent=430"}],"wp:term":[{"taxonomy":"product_brand","embeddable":true,"href":"https:\/\/b71.fo\/index.php?rest_route=%2Fwp%2Fv2%2Fproduct_brand&post=430"},{"taxonomy":"product_cat","embeddable":true,"href":"https:\/\/b71.fo\/index.php?rest_route=%2Fwp%2Fv2%2Fproduct_cat&post=430"},{"taxonomy":"product_tag","embeddable":true,"href":"https:\/\/b71.fo\/index.php?rest_route=%2Fwp%2Fv2%2Fproduct_tag&post=430"}],"curies":[{"name":"wp","href":"https:\/\/api.w.org\/{rel}","templated":true}]}}